{"id":8259,"date":"2024-03-26T15:55:37","date_gmt":"2024-03-26T14:55:37","guid":{"rendered":"https:\/\/h2-enterprises.com\/?page_id=8259"},"modified":"2024-03-26T15:55:37","modified_gmt":"2024-03-26T14:55:37","slug":"heinz-braegger","status":"publish","type":"page","link":"https:\/\/h2-enterprises.com\/de\/heinz-braegger\/","title":{"rendered":"Heinz Br\u00e4gger, MBA"},"content":{"rendered":"<div class=\"wpb-content-wrapper\"><p>[vc_row full_width=&#8220;stretch_row_content_no_spaces&#8220; bg_type=&#8220;video&#8220; video_url=&#8220;https:\/\/h2-enterprises.com\/wp-content\/uploads\/2018\/11\/iStock-483392553.mp4&#8243; video_poster=&#8220;id^5568|url^https:\/\/h2-enterprises.com\/wp-content\/uploads\/2022\/08\/trennelement_h2_industries.jpg|caption^null|alt^null|title^trennelement_h2_industries|description^null&#8220; viewport_vdo=&#8220;viewport_play&#8220; bg_override=&#8220;full&#8220; css=&#8220;.vc_custom_1665755762876{margin-top: -103px !important;padding-top: 120px !important;padding-bottom: 100px !important;}&#8220;][vc_column]<div id=\"ultimate-heading-250369ef9108aee43\" class=\"uvc-heading ult-adjust-bottom-margin ultimate-heading-250369ef9108aee43 uvc-9606 \" data-hspacer=\"no_spacer\"  data-halign=\"center\" style=\"text-align:center\"><div class=\"uvc-heading-spacer no_spacer\" style=\"top\"><\/div><div class=\"uvc-main-heading ult-responsive\"  data-ultimate-target='.uvc-heading.ultimate-heading-250369ef9108aee43 h1'  data-responsive-json-new='{\"font-size\":\"desktop:40px;\",\"line-height\":\"\"}' ><h1 style=\"--font-weight:theme;color:#ffffff;margin-top:50px;margin-bottom:10px;\">CREATING THE HYDROGEN WORLD<\/h1><\/div><\/div>[vc_empty_space][\/vc_column][\/vc_row][vc_row content_placement=&#8220;middle&#8220;][vc_column][vc_empty_space height=&#8220;72px&#8220;][vc_single_image image=&#8220;8256&#8243; img_size=&#8220;250&#215;250&#8243; alignment=&#8220;center&#8220; style=&#8220;vc_box_circle&#8220;][vc_empty_space]<div id=\"ultimate-heading-62669ef9108aeea3\" class=\"uvc-heading ult-adjust-bottom-margin ultimate-heading-62669ef9108aeea3 uvc-7930  uvc-heading-default-font-sizes\" data-hspacer=\"no_spacer\"  data-halign=\"center\" style=\"text-align:center\"><div class=\"uvc-heading-spacer no_spacer\" style=\"top\"><\/div><div class=\"uvc-main-heading ult-responsive\"  data-ultimate-target='.uvc-heading.ultimate-heading-62669ef9108aeea3 h2'  data-responsive-json-new='{\"font-size\":\"\",\"line-height\":\"\"}' ><h2 style=\"--font-weight:theme;\">Heinz Br\u00e4gger, MBA,<\/h2><\/div><\/div><div id=\"ultimate-heading-423869ef9108aeed2\" class=\"uvc-heading ult-adjust-bottom-margin ultimate-heading-423869ef9108aeed2 uvc-3711  uvc-heading-default-font-sizes\" data-hspacer=\"no_spacer\"  data-halign=\"center\" style=\"text-align:center\"><div class=\"uvc-heading-spacer no_spacer\" style=\"top\"><\/div><div class=\"uvc-main-heading ult-responsive\"  data-ultimate-target='.uvc-heading.ultimate-heading-423869ef9108aeed2 h2'  data-responsive-json-new='{\"font-size\":\"\",\"line-height\":\"\"}' ><h2 style=\"--font-weight:theme;\">Advisory Board<\/h2><\/div><\/div>[vc_empty_space][vc_column_text]<\/p>\n<p style=\"font-weight: 400; text-align: center;\">Ein erfahrener Ver\u00e4nderungs- und Transformationsexperte mit Fokus auf F\u00fchrung und F\u00fchrungsleistung. Erfolgreiche Bildung von Gewinnerteams f\u00fcr den zuk\u00fcnftigen Unternehmenserfolg, Leitung der digitalen Gesch\u00e4ftstransformation gro\u00dfer Unternehmen und integrierte M &amp; A-Transaktionen.\u200b<\/p>\n<p>[\/vc_column_text][vc_empty_space][\/vc_column][\/vc_row][vc_row full_width=&#8220;stretch_row_content_no_spaces&#8220; bg_type=&#8220;video&#8220; video_url=&#8220;https:\/\/h2-enterprises.com\/wp-content\/uploads\/2018\/11\/iStock-483392553.mp4&#8243; bg_override=&#8220;full&#8220; css=&#8220;.vc_custom_1599728317491{padding-top: 50px !important;padding-bottom: 50px !important;}&#8220;][vc_column][\/vc_column][\/vc_row]<\/p>\n<\/div>","protected":false},"excerpt":{"rendered":"<p>[vc_row full_width=&#8220;stretch_row_content_no_spaces&#8220; bg_type=&#8220;video&#8220; video_url=&#8220;https:\/\/h2-enterprises.com\/wp-content\/uploads\/2018\/11\/iStock-483392553.mp4&#8243; video_poster=&#8220;id^5568|url^https:\/\/h2-enterprises.com\/wp-content\/uploads\/2022\/08\/trennelement_h2_industries.jpg|caption^null|alt^null|title^trennelement_h2_industries|description^null&#8220; viewport_vdo=&#8220;viewport_play&#8220; bg_override=&#8220;full&#8220; css=&#8220;.vc_custom_1665755762876{margin-top: -103px !important;padding-top: 120px !important;padding-bottom: 100px !important;}&#8220;][vc_column][vc_empty_space][\/vc_column][\/vc_row][vc_row content_placement=&#8220;middle&#8220;][vc_column][vc_empty_space height=&#8220;72px&#8220;][vc_single_image image=&#8220;8256&#8243; img_size=&#8220;250&#215;250&#8243; alignment=&#8220;center&#8220; style=&#8220;vc_box_circle&#8220;][vc_empty_space][vc_empty_space][vc_column_text] Ein erfahrener Ver\u00e4nderungs- und Transformationsexperte mit Fokus auf F\u00fchrung und F\u00fchrungsleistung. Erfolgreiche Bildung von Gewinnerteams f\u00fcr den zuk\u00fcnftigen Unternehmenserfolg, Leitung der digitalen Gesch\u00e4ftstransformation gro\u00dfer Unternehmen und integrierte M &amp; A-Transaktionen.\u200b [\/vc_column_text][vc_empty_space][\/vc_column][\/vc_row][vc_row full_width=&#8220;stretch_row_content_no_spaces&#8220; bg_type=&#8220;video&#8220; video_url=&#8220;https:\/\/h2-enterprises.com\/wp-content\/uploads\/2018\/11\/iStock-483392553.mp4&#8243; bg_override=&#8220;full&#8220;&hellip;<\/p>\n","protected":false},"author":2,"featured_media":0,"parent":0,"menu_order":0,"comment_status":"closed","ping_status":"closed","template":"","meta":{"footnotes":""},"class_list":["post-8259","page","type-page","status-publish","hentry","description-off"],"_links":{"self":[{"href":"https:\/\/h2-enterprises.com\/de\/wp-json\/wp\/v2\/pages\/8259","targetHints":{"allow":["GET"]}}],"collection":[{"href":"https:\/\/h2-enterprises.com\/de\/wp-json\/wp\/v2\/pages"}],"about":[{"href":"https:\/\/h2-enterprises.com\/de\/wp-json\/wp\/v2\/types\/page"}],"author":[{"embeddable":true,"href":"https:\/\/h2-enterprises.com\/de\/wp-json\/wp\/v2\/users\/2"}],"replies":[{"embeddable":true,"href":"https:\/\/h2-enterprises.com\/de\/wp-json\/wp\/v2\/comments?post=8259"}],"version-history":[{"count":1,"href":"https:\/\/h2-enterprises.com\/de\/wp-json\/wp\/v2\/pages\/8259\/revisions"}],"predecessor-version":[{"id":8260,"href":"https:\/\/h2-enterprises.com\/de\/wp-json\/wp\/v2\/pages\/8259\/revisions\/8260"}],"wp:attachment":[{"href":"https:\/\/h2-enterprises.com\/de\/wp-json\/wp\/v2\/media?parent=8259"}],"curies":[{"name":"wp","href":"https:\/\/api.w.org\/{rel}","templated":true}]}}