{"id":8145,"date":"2023-03-02T12:22:59","date_gmt":"2023-03-02T11:22:59","guid":{"rendered":"https:\/\/h2-enterprises.com\/dr-michelle-c-hallack\/"},"modified":"2023-03-11T09:25:42","modified_gmt":"2023-03-11T08:25:42","slug":"dr-michelle-c-hallack","status":"publish","type":"page","link":"https:\/\/h2-enterprises.com\/de\/dr-michelle-c-hallack\/","title":{"rendered":"Dr. Michelle C. Hallack"},"content":{"rendered":"<div class=\"wpb-content-wrapper\"><p>[vc_row full_width=&#8220;stretch_row_content_no_spaces&#8220; bg_type=&#8220;video&#8220; video_url=&#8220;https:\/\/h2-enterprises.com\/wp-content\/uploads\/2018\/11\/iStock-483392553.mp4&#8243; video_poster=&#8220;id^5568|url^https:\/\/h2-enterprises.com\/wp-content\/uploads\/2022\/08\/trennelement_h2_industries.jpg|caption^null|alt^null|title^trennelement_h2_industries|description^null&#8220; viewport_vdo=&#8220;viewport_play&#8220; bg_override=&#8220;full&#8220; css=&#8220;.vc_custom_1665755762876{margin-top: -103px !important;padding-top: 120px !important;padding-bottom: 100px !important;}&#8220;][vc_column]<div id=\"ultimate-heading-926969ef8a7040b52\" class=\"uvc-heading ult-adjust-bottom-margin ultimate-heading-926969ef8a7040b52 uvc-9302 \" data-hspacer=\"no_spacer\"  data-halign=\"center\" style=\"text-align:center\"><div class=\"uvc-heading-spacer no_spacer\" style=\"top\"><\/div><div class=\"uvc-main-heading ult-responsive\"  data-ultimate-target='.uvc-heading.ultimate-heading-926969ef8a7040b52 h1'  data-responsive-json-new='{\"font-size\":\"desktop:40px;\",\"line-height\":\"\"}' ><h1 style=\"--font-weight:theme;color:#ffffff;margin-top:50px;margin-bottom:10px;\">CREATING THE HYDROGEN WORLD<\/h1><\/div><\/div>[vc_empty_space][\/vc_column][\/vc_row][vc_row content_placement=&#8220;middle&#8220;][vc_column][vc_empty_space height=&#8220;72px&#8220;][vc_single_image image=&#8220;8138&#8243; img_size=&#8220;250&#215;250&#8243; alignment=&#8220;center&#8220; style=&#8220;vc_box_circle&#8220;][vc_empty_space]<div id=\"ultimate-heading-205769ef8a7040bc8\" class=\"uvc-heading ult-adjust-bottom-margin ultimate-heading-205769ef8a7040bc8 uvc-8787  uvc-heading-default-font-sizes\" data-hspacer=\"no_spacer\"  data-halign=\"center\" style=\"text-align:center\"><div class=\"uvc-heading-spacer no_spacer\" style=\"top\"><\/div><div class=\"uvc-main-heading ult-responsive\"  data-ultimate-target='.uvc-heading.ultimate-heading-205769ef8a7040bc8 h2'  data-responsive-json-new='{\"font-size\":\"\",\"line-height\":\"\"}' ><h2 style=\"--font-weight:theme;\">Dr. Michelle C. Hallack,<\/h2><\/div><\/div><div id=\"ultimate-heading-612269ef8a7040c09\" class=\"uvc-heading ult-adjust-bottom-margin ultimate-heading-612269ef8a7040c09 uvc-391  uvc-heading-default-font-sizes\" data-hspacer=\"no_spacer\"  data-halign=\"center\" style=\"text-align:center\"><div class=\"uvc-heading-spacer no_spacer\" style=\"top\"><\/div><div class=\"uvc-main-heading ult-responsive\"  data-ultimate-target='.uvc-heading.ultimate-heading-612269ef8a7040c09 h2'  data-responsive-json-new='{\"font-size\":\"\",\"line-height\":\"\"}' ><h2 style=\"--font-weight:theme;\">Advisory Board<\/h2><\/div><\/div>[vc_empty_space][vc_column_text]<\/p>\n<p style=\"font-weight: 400; text-align: center;\">Michelle Hallack ist eine internationale Wirtschaftswissenschaftlerin mit besonderem Fokus auf globale Energiewende und Nachhaltigkeit. In den letzten Jahren hat sie sich auf das Potenzial neuer sauberer Technologien, sowie Strategien zur Verbreitung und deren \u00f6konomischen und \u00f6kologischen Folgen konzentriert. Sie verf\u00fcgt \u00fcber mehr als 15 Jahre Erfahrung in der Forschung und internationalen Beratung in den Bereichen Regulierungs\u00f6konomie, Energiewirtschaft, institutionelle \u00d6konomie, Energiepolitik, gr\u00fcne Finanzierung und Verhaltens\u00f6konomie in der Politik. In den letzten Jahren hat sich Michelle speziell mit der F\u00f6rderung von sauberem Wasserstoff im Zusammenhang mit Dekarbonisierung der Energieversorgung und und Versorgungssicherheit besch\u00e4ftigt. Ihr Hauptaugenmerk lag dabei auf der F\u00f6rderung institutioneller Rahmenbedingungen, die f\u00fcr die Einf\u00fchrung neuer Technologien und der dazugeh\u00f6renden Gesch\u00e4ftsmodelle geeignet sind. Michelle hat einen Doktortitel der Universit\u00e4t Paris Sud XI f\u00fcr Wirtschaft, einen Master of Science der Bundesuniversit\u00e4t Rio de Janeiro, einen europ\u00e4ischen Master (EMIN sowohl in Madrid als auch in Paris) und ein Diplom in Wirtschaftswissenschaften der Staatlichen Universit\u00e4t von Campinas.<\/p>\n<p>[\/vc_column_text][vc_empty_space][\/vc_column][\/vc_row][vc_row full_width=&#8220;stretch_row_content_no_spaces&#8220; bg_type=&#8220;video&#8220; video_url=&#8220;https:\/\/h2-enterprises.com\/wp-content\/uploads\/2018\/11\/iStock-483392553.mp4&#8243; bg_override=&#8220;full&#8220; css=&#8220;.vc_custom_1599728317491{padding-top: 50px !important;padding-bottom: 50px !important;}&#8220;][vc_column][\/vc_column][\/vc_row]<\/p>\n<\/div>","protected":false},"excerpt":{"rendered":"<p>[vc_row full_width=&#8220;stretch_row_content_no_spaces&#8220; bg_type=&#8220;video&#8220; video_url=&#8220;https:\/\/h2-enterprises.com\/wp-content\/uploads\/2018\/11\/iStock-483392553.mp4&#8243; video_poster=&#8220;id^5568|url^https:\/\/h2-enterprises.com\/wp-content\/uploads\/2022\/08\/trennelement_h2_industries.jpg|caption^null|alt^null|title^trennelement_h2_industries|description^null&#8220; viewport_vdo=&#8220;viewport_play&#8220; bg_override=&#8220;full&#8220; css=&#8220;.vc_custom_1665755762876{margin-top: -103px !important;padding-top: 120px !important;padding-bottom: 100px !important;}&#8220;][vc_column][vc_empty_space][\/vc_column][\/vc_row][vc_row content_placement=&#8220;middle&#8220;][vc_column][vc_empty_space height=&#8220;72px&#8220;][vc_single_image image=&#8220;8138&#8243; img_size=&#8220;250&#215;250&#8243; alignment=&#8220;center&#8220; style=&#8220;vc_box_circle&#8220;][vc_empty_space][vc_empty_space][vc_column_text] Michelle Hallack ist eine internationale Wirtschaftswissenschaftlerin mit besonderem Fokus auf globale Energiewende und Nachhaltigkeit. In den letzten Jahren hat sie sich auf das Potenzial neuer sauberer Technologien, sowie Strategien zur Verbreitung und deren \u00f6konomischen und&hellip;<\/p>\n","protected":false},"author":3,"featured_media":0,"parent":0,"menu_order":0,"comment_status":"closed","ping_status":"closed","template":"","meta":{"footnotes":""},"class_list":["post-8145","page","type-page","status-publish","hentry","description-off"],"_links":{"self":[{"href":"https:\/\/h2-enterprises.com\/de\/wp-json\/wp\/v2\/pages\/8145","targetHints":{"allow":["GET"]}}],"collection":[{"href":"https:\/\/h2-enterprises.com\/de\/wp-json\/wp\/v2\/pages"}],"about":[{"href":"https:\/\/h2-enterprises.com\/de\/wp-json\/wp\/v2\/types\/page"}],"author":[{"embeddable":true,"href":"https:\/\/h2-enterprises.com\/de\/wp-json\/wp\/v2\/users\/3"}],"replies":[{"embeddable":true,"href":"https:\/\/h2-enterprises.com\/de\/wp-json\/wp\/v2\/comments?post=8145"}],"version-history":[{"count":1,"href":"https:\/\/h2-enterprises.com\/de\/wp-json\/wp\/v2\/pages\/8145\/revisions"}],"predecessor-version":[{"id":8146,"href":"https:\/\/h2-enterprises.com\/de\/wp-json\/wp\/v2\/pages\/8145\/revisions\/8146"}],"wp:attachment":[{"href":"https:\/\/h2-enterprises.com\/de\/wp-json\/wp\/v2\/media?parent=8145"}],"curies":[{"name":"wp","href":"https:\/\/api.w.org\/{rel}","templated":true}]}}