{"id":8014,"date":"2023-02-23T15:52:14","date_gmt":"2023-02-23T14:52:14","guid":{"rendered":"https:\/\/h2-enterprises.com\/?page_id=8014"},"modified":"2023-04-12T10:59:10","modified_gmt":"2023-04-12T08:59:10","slug":"h2-enterprises-gruppe","status":"publish","type":"page","link":"https:\/\/h2-enterprises.com\/de\/h2-enterprises-gruppe\/","title":{"rendered":"h2-enterprises-Gruppe"},"content":{"rendered":"<div class=\"wpb-content-wrapper\"><p>[vc_row full_width=&#8220;stretch_row_content_no_spaces&#8220; bg_type=&#8220;video&#8220; video_url=&#8220;https:\/\/h2-enterprises.com\/wp-content\/uploads\/2018\/11\/iStock-483392553.mp4&#8243; video_poster=&#8220;id^5568|url^https:\/\/h2-enterprises.com\/wp-content\/uploads\/2022\/08\/trennelement_h2_industries.jpg|caption^null|alt^null|title^trennelement_h2_industries|description^null&#8220; viewport_vdo=&#8220;viewport_play&#8220; bg_override=&#8220;full&#8220; css=&#8220;.vc_custom_1665755762876{margin-top: -103px !important;padding-top: 120px !important;padding-bottom: 100px !important;}&#8220;][vc_column]<div id=\"ultimate-heading-456669f3d1f7ab931\" class=\"uvc-heading ult-adjust-bottom-margin ultimate-heading-456669f3d1f7ab931 uvc-2143 \" data-hspacer=\"no_spacer\"  data-halign=\"center\" style=\"text-align:center\"><div class=\"uvc-heading-spacer no_spacer\" style=\"top\"><\/div><div class=\"uvc-main-heading ult-responsive\"  data-ultimate-target='.uvc-heading.ultimate-heading-456669f3d1f7ab931 h1'  data-responsive-json-new='{\"font-size\":\"desktop:40px;\",\"line-height\":\"\"}' ><h1 style=\"--font-weight:theme;color:#ffffff;margin-top:50px;margin-bottom:10px;\">UNTERNEHMENSGRUPPE<\/h1><\/div><\/div>[vc_empty_space][\/vc_column][\/vc_row][vc_row content_placement=&#8220;middle&#8220;][vc_column][vc_empty_space height=&#8220;52px&#8220;]<div id=\"ultimate-heading-410869f3d1f7ab992\" class=\"uvc-heading ult-adjust-bottom-margin ultimate-heading-410869f3d1f7ab992 uvc-1877  uvc-heading-default-font-sizes\" data-hspacer=\"no_spacer\"  data-halign=\"center\" style=\"text-align:center\"><div class=\"uvc-heading-spacer no_spacer\" style=\"top\"><\/div><div class=\"uvc-main-heading ult-responsive\"  data-ultimate-target='.uvc-heading.ultimate-heading-410869f3d1f7ab992 h3'  data-responsive-json-new='{\"font-size\":\"\",\"line-height\":\"\"}' ><h3 style=\"--font-weight:theme;\">H<sub>2<\/sub>-Enterprises Inc. ist ein Energieunternehmen, das im Bereich Wasserstoff und erneuerbare Energien als Projektentwickler, Systemintegrator, Komponentenhersteller und -lieferant sowie Kraftwerksbetreiber t\u00e4tig ist.<\/h3><\/div><\/div>[vc_empty_space][vc_column_text]<\/p>\n<p style=\"text-align: center;\">Die Geschichte von H<sub>2<\/sub>-Enterprises reicht bis ins Jahr 2010 zur\u00fcck, als die Forschung f\u00fcr modulare und skalierbare Energiespeicherl\u00f6sungen begann. 2011 wurde die H<sub>2<\/sub>-Industries AG mit Sitz in der Schweiz als erste Gesellschaft gegr\u00fcndet und die Partnerschaft mit der Universit\u00e4t Erlangen\/N\u00fcrnberg, Deutschland, zur gemeinsamen Forschung und Entwicklung von Liquid Organic Hydrogen Carrier (LOHC) begann. Seit Januar 2016 ist der erste leistungsf\u00e4hige LOHC-Energiespeicher im Einsatz.<\/p>\n<p style=\"text-align: center;\">Die H<sub>2<\/sub>-Industries SE wurde in M\u00fcnchen gegr\u00fcndet und \u00fcbernahm das gesamte Gesch\u00e4ft der H<sub>2<\/sub>-Industries AG, um sich auf die Entwicklung kosteng\u00fcnstiger und sicherer LOHC-Energiespeicher- und Transportl\u00f6sungen im Industriemassstab f\u00fcr viele Anwendungen zu konzentrieren. Ab 2020 ist H<sub>2<\/sub>-Industries Inc., die neue Holdinggesellschaft mit Sitz in New York, weltweit an der Entwicklung von Waste-to-Hydrogen-Kraftwerken im Versorgungsma\u00dfstab beteiligt, die zuvor nicht recycelbare Kunststoffe und andere organische Abf\u00e4lle in CO<sub>2<\/sub>-freien, recht erschwinglichen, sicheren und einfach speicherbareren sauberen Wasserstoff umwandeln, f\u00fcr eine Vielzahl von Anwendungen und Branchen. Patente wurden f\u00fcr die Umwandlung von Abfall in Wasserstoff und die LOHC-Dehydrierung eingereicht. Im Jahr 2022 hat H<sub>2<\/sub>-Industries eine technologische L\u00f6sung entwickelt, um Fackelgas aus \u00d6lf\u00f6rderbetrieben als \u00e4u\u00dferst wertvollen Kohlenwasserstoff-Ausgangsstoff zur emissionsfreien Herstellung von Wasserstoff zu nutzen. F\u00fcr die Umwandlung von Fackelgas \u00fcber Methanpyrolyse in Wasserstoff und LOHC wurden Patente angemeldet. Seit Dezember 2022 sind die Waste-to-Hydrogen- und Flare-to-Hydrogen-Technologien sowie die Tochterunternehmen H<sub>2<\/sub>-Industries SE, H<sub>2<\/sub>-Maritime und Global Energy Trading unter der neuen Holdinggesellschaft H<sub>2<\/sub>-Enterprises Group Inc. mit Sitz in New York angesiedelt.<\/p>\n<p>[\/vc_column_text][vc_empty_space][\/vc_column][\/vc_row][vc_row full_width=&#8220;stretch_row_content&#8220; bg_type=&#8220;bg_color&#8220; bg_color_value=&#8220;#1a2653&#8243;][vc_column][vc_empty_space]<div id=\"ultimate-heading-752369f3d1f7ab9d8\" class=\"uvc-heading ult-adjust-bottom-margin ultimate-heading-752369f3d1f7ab9d8 uvc-6373  uvc-heading-default-font-sizes\" data-hspacer=\"no_spacer\"  data-halign=\"center\" style=\"text-align:center\"><div class=\"uvc-heading-spacer no_spacer\" style=\"top\"><\/div><div class=\"uvc-main-heading ult-responsive\"  data-ultimate-target='.uvc-heading.ultimate-heading-752369f3d1f7ab9d8 h2'  data-responsive-json-new='{\"font-size\":\"\",\"line-height\":\"\"}' ><h2 style=\"--font-weight:theme;color:#ffffff;\">HOLDING<\/h2><\/div><\/div>[vc_empty_space][\/vc_column][\/vc_row][vc_row content_placement=&#8220;top&#8220; el_id=&#8220;Holding&#8220;][vc_column width=&#8220;1\/3&#8243;][\/vc_column][vc_column width=&#8220;1\/3&#8243;][vc_empty_space height=&#8220;52px&#8220;][vc_single_image image=&#8220;7704&#8243; img_size=&#8220;large&#8220; alignment=&#8220;center&#8220;][vc_empty_space height=&#8220;52px&#8220;][\/vc_column][vc_column width=&#8220;1\/3&#8243;][\/vc_column][\/vc_row][vc_row full_width=&#8220;stretch_row_content&#8220; bg_type=&#8220;bg_color&#8220; bg_color_value=&#8220;#1a2653&#8243;][vc_column][vc_empty_space]<div id=\"ultimate-heading-708069f3d1f7aba05\" class=\"uvc-heading ult-adjust-bottom-margin ultimate-heading-708069f3d1f7aba05 uvc-3133  uvc-heading-default-font-sizes\" data-hspacer=\"no_spacer\"  data-halign=\"center\" style=\"text-align:center\"><div class=\"uvc-heading-spacer no_spacer\" style=\"top\"><\/div><div class=\"uvc-main-heading ult-responsive\"  data-ultimate-target='.uvc-heading.ultimate-heading-708069f3d1f7aba05 h2'  data-responsive-json-new='{\"font-size\":\"\",\"line-height\":\"\"}' ><h2 style=\"--font-weight:theme;color:#ffffff;\">TOCHTERGESELLSCHAFTEN<\/h2><\/div><\/div>[vc_empty_space][\/vc_column][\/vc_row][vc_row content_placement=&#8220;top&#8220;][vc_column width=&#8220;1\/4&#8243;][vc_empty_space height=&#8220;52px&#8220;][vc_single_image image=&#8220;8041&#8243; img_size=&#8220;&#8220; alignment=&#8220;center&#8220;][\/vc_column][vc_column width=&#8220;1\/4&#8243;][vc_empty_space height=&#8220;52px&#8220;][vc_single_image image=&#8220;8039&#8243; img_size=&#8220;&#8220; alignment=&#8220;center&#8220;][\/vc_column][vc_column width=&#8220;1\/4&#8243;][vc_empty_space height=&#8220;52px&#8220;][vc_single_image image=&#8220;8043&#8243; img_size=&#8220;&#8220; alignment=&#8220;center&#8220;][\/vc_column][vc_column width=&#8220;1\/4&#8243;][vc_empty_space height=&#8220;52px&#8220;][vc_single_image image=&#8220;8047&#8243; img_size=&#8220;&#8220; alignment=&#8220;center&#8220;][\/vc_column][\/vc_row][vc_row full_width=&#8220;stretch_row_content&#8220; bg_type=&#8220;bg_color&#8220; bg_color_value=&#8220;#1a2653&#8243;][vc_column][vc_empty_space]<div id=\"ultimate-heading-461469f3d1f7aba2a\" class=\"uvc-heading ult-adjust-bottom-margin ultimate-heading-461469f3d1f7aba2a uvc-6236  uvc-heading-default-font-sizes\" data-hspacer=\"no_spacer\"  data-halign=\"center\" style=\"text-align:center\"><div class=\"uvc-heading-spacer no_spacer\" style=\"top\"><\/div><div class=\"uvc-main-heading ult-responsive\"  data-ultimate-target='.uvc-heading.ultimate-heading-461469f3d1f7aba2a h2'  data-responsive-json-new='{\"font-size\":\"\",\"line-height\":\"\"}' ><h2 style=\"--font-weight:theme;color:#ffffff;\">UNTERNEHMENSBEREICHE<\/h2><\/div><\/div>[vc_empty_space][\/vc_column][\/vc_row][vc_row content_placement=&#8220;top&#8220;][vc_column width=&#8220;1\/3&#8243;][vc_empty_space height=&#8220;52px&#8220;][vc_single_image image=&#8220;8049&#8243; img_size=&#8220;&#8220; alignment=&#8220;center&#8220;][\/vc_column][vc_column width=&#8220;1\/3&#8243;][vc_empty_space height=&#8220;52px&#8220;][vc_single_image image=&#8220;8037&#8243; img_size=&#8220;&#8220; alignment=&#8220;center&#8220;][\/vc_column][vc_column width=&#8220;1\/3&#8243;][vc_empty_space height=&#8220;52px&#8220;][vc_single_image image=&#8220;8045&#8243; img_size=&#8220;&#8220; alignment=&#8220;center&#8220;][\/vc_column][\/vc_row]<\/p>\n<\/div>","protected":false},"excerpt":{"rendered":"<p>[vc_row full_width=&#8220;stretch_row_content_no_spaces&#8220; bg_type=&#8220;video&#8220; video_url=&#8220;https:\/\/h2-enterprises.com\/wp-content\/uploads\/2018\/11\/iStock-483392553.mp4&#8243; video_poster=&#8220;id^5568|url^https:\/\/h2-enterprises.com\/wp-content\/uploads\/2022\/08\/trennelement_h2_industries.jpg|caption^null|alt^null|title^trennelement_h2_industries|description^null&#8220; viewport_vdo=&#8220;viewport_play&#8220; bg_override=&#8220;full&#8220; css=&#8220;.vc_custom_1665755762876{margin-top: -103px !important;padding-top: 120px !important;padding-bottom: 100px !important;}&#8220;][vc_column][vc_empty_space][\/vc_column][\/vc_row][vc_row content_placement=&#8220;middle&#8220;][vc_column][vc_empty_space height=&#8220;52px&#8220;][vc_empty_space][vc_column_text] Die Geschichte von H2-Enterprises reicht bis ins Jahr 2010 zur\u00fcck, als die Forschung f\u00fcr modulare und skalierbare Energiespeicherl\u00f6sungen begann. 2011 wurde die H2-Industries AG mit Sitz in der Schweiz als erste Gesellschaft gegr\u00fcndet und die Partnerschaft mit der Universit\u00e4t&hellip;<\/p>\n","protected":false},"author":3,"featured_media":0,"parent":0,"menu_order":0,"comment_status":"closed","ping_status":"closed","template":"","meta":{"footnotes":""},"class_list":["post-8014","page","type-page","status-publish","hentry","description-off"],"_links":{"self":[{"href":"https:\/\/h2-enterprises.com\/de\/wp-json\/wp\/v2\/pages\/8014","targetHints":{"allow":["GET"]}}],"collection":[{"href":"https:\/\/h2-enterprises.com\/de\/wp-json\/wp\/v2\/pages"}],"about":[{"href":"https:\/\/h2-enterprises.com\/de\/wp-json\/wp\/v2\/types\/page"}],"author":[{"embeddable":true,"href":"https:\/\/h2-enterprises.com\/de\/wp-json\/wp\/v2\/users\/3"}],"replies":[{"embeddable":true,"href":"https:\/\/h2-enterprises.com\/de\/wp-json\/wp\/v2\/comments?post=8014"}],"version-history":[{"count":22,"href":"https:\/\/h2-enterprises.com\/de\/wp-json\/wp\/v2\/pages\/8014\/revisions"}],"predecessor-version":[{"id":8237,"href":"https:\/\/h2-enterprises.com\/de\/wp-json\/wp\/v2\/pages\/8014\/revisions\/8237"}],"wp:attachment":[{"href":"https:\/\/h2-enterprises.com\/de\/wp-json\/wp\/v2\/media?parent=8014"}],"curies":[{"name":"wp","href":"https:\/\/api.w.org\/{rel}","templated":true}]}}