{"id":6655,"date":"2023-02-10T14:22:13","date_gmt":"2023-02-10T13:22:13","guid":{"rendered":"https:\/\/h2-enterprises.com\/investments\/"},"modified":"2023-03-11T17:20:16","modified_gmt":"2023-03-11T16:20:16","slug":"investments","status":"publish","type":"page","link":"https:\/\/h2-enterprises.com\/de\/investments\/","title":{"rendered":"Investments"},"content":{"rendered":"<div class=\"wpb-content-wrapper\"><p>[vc_row full_width=&#8220;stretch_row&#8220; bg_type=&#8220;bg_color&#8220; bg_color_value=&#8220;#1a2653&#8243; css=&#8220;.vc_custom_1607615601197{margin-top: -50px !important;}&#8220;][vc_column][vc_single_image image=&#8220;7867&#8243; img_size=&#8220;medium&#8220;]<div id=\"ultimate-heading-355669f2d6784d1d1\" class=\"uvc-heading ult-adjust-bottom-margin ultimate-heading-355669f2d6784d1d1 uvc-9364  uvc-heading-default-font-sizes\" data-hspacer=\"no_spacer\"  data-halign=\"left\" style=\"text-align:left\"><div class=\"uvc-heading-spacer no_spacer\" style=\"top\"><\/div><div class=\"uvc-main-heading ult-responsive\"  data-ultimate-target='.uvc-heading.ultimate-heading-355669f2d6784d1d1 h1'  data-responsive-json-new='{\"font-size\":\"\",\"line-height\":\"\"}' ><h1 style=\"--font-weight:theme;color:#ffffff;margin-bottom:60px;\">Der Schl\u00fcssel zum Erfolg: Investitionen in Wasserstoffprojekte<\/h1><\/div><\/div>[\/vc_column][\/vc_row][vc_row css=&#8220;.vc_custom_1660121171364{padding-top: 30px !important;padding-bottom: 30px !important;}&#8220;][vc_column css=&#8220;.vc_custom_1660121237649{padding-top: 50px !important;padding-bottom: 50px !important;}&#8220;][vc_row_inner css=&#8220;.vc_custom_1676620181696{padding-top: 40px !important;}&#8220;][vc_column_inner][vc_column_text]<\/p>\n<p style=\"font-weight: 400;\">Bei H<sub>2<\/sub>-Enterprises widmen wir alle unsere Aktivit\u00e4ten der Entwicklung innovativer Systeme zur Herstellung, Speicherung und zum Transport von sauberem Wasserstoff. Mit unseren Technologien <a href=\"https:\/\/h2-enterprises.com\/de\/muell-energie-umwandeln\/\">Waste-to-Hydrogen<\/a>, <a href=\"https:\/\/h2-enterprises.com\/de\/wasserstoff-aus-fackelgas\/\">Flare-to-Hydrogen,<\/a>\u00a0<a href=\"https:\/\/h2-enterprises.com\/de\/industrie\/\">Renewables-to-Hydrogen<\/a>,\u00a0<a href=\"https:\/\/h2-enterprises.com\/de\/energieversorgung-von-gebaeuden\/\">H<sub>2<\/sub>-Real Estate<\/a>\u00a0und <a href=\"https:\/\/h2-enterprises.com\/de\/maritime\/\">H<sub>2<\/sub>-Maritime<\/a> bieten wir in Kombination mit der Wasserstofftr\u00e4gerl\u00f6sung LOHC ein einzigartiges L\u00f6sungsportfolio, das f\u00fcr viele verschiedene Anwendungen und Projekte geeignet ist.<\/p>\n<p style=\"font-weight: 400;\">Investitionen, egal ob von \u00f6ffentlichen oder privaten Investoren sind der Schl\u00fcssel zur Umsetzung der zahlreichen Projekte, mit denen die bestehenden Energiesektoren von fossiler Energie auf sauberen Wasserstoff umgestellt werden k\u00f6nnen. Mit H<sub>2<\/sub>-Investments LLC, mit seinem Hauptsitz in Dubai\/Vereinigte Arabische Emirate haben wir eigens ein Investmentvehikel geschaffen, um weltweit in saubere Wasserstoffprojekte zu investieren.<\/p>\n<p style=\"font-weight: 400;\">Unsere Technologien werden zusammen mit den Investitionen der H<sub>2<\/sub>-Investments LLC und externer Investoren den Weg f\u00fcr eine CO<sub>2<\/sub>-emissions\u00e4rmere Welt ebnen. Wir wollen, dass unser Planet so sch\u00f6n bleibt, wie er ist, und dass Investoren, die in unsere Projekte investieren sehr attraktive Renditen realisieren k\u00f6nnen.<\/p>\n<p style=\"font-weight: 400;\">Wir laden \u00f6ffentliche\/staatliche und private Investoren ein, unsere Vision zur Schaffung der Wasserstoffwelt zu teilen und sich unserer Strategie anzuschlie\u00dfen, gemeinsam mit H<sub>2<\/sub>-Investments LLC in Wasserstoffprojekte zu investieren und so einen echten Beitrag zur globalen Energiewende zu leisten.<\/p>\n<p>[\/vc_column_text][\/vc_column_inner][\/vc_row_inner][vc_row_inner][vc_column_inner width=&#8220;1\/5&#8243;][vc_single_image image=&#8220;8208&#8243; img_size=&#8220;full&#8220;][\/vc_column_inner][vc_column_inner width=&#8220;1\/5&#8243;][vc_single_image image=&#8220;7975&#8243; img_size=&#8220;full&#8220;][\/vc_column_inner][vc_column_inner width=&#8220;1\/5&#8243;][vc_single_image image=&#8220;8094&#8243; img_size=&#8220;full&#8220;][\/vc_column_inner][vc_column_inner width=&#8220;1\/5&#8243;][vc_single_image image=&#8220;8092&#8243; img_size=&#8220;full&#8220;][\/vc_column_inner][vc_column_inner width=&#8220;1\/5&#8243;][vc_single_image image=&#8220;8224&#8243; img_size=&#8220;full&#8220;][\/vc_column_inner][\/vc_row_inner][\/vc_column][\/vc_row]<\/p>\n<\/div>","protected":false},"excerpt":{"rendered":"<p>[vc_row full_width=&#8220;stretch_row&#8220; bg_type=&#8220;bg_color&#8220; bg_color_value=&#8220;#1a2653&#8243; css=&#8220;.vc_custom_1607615601197{margin-top: -50px !important;}&#8220;][vc_column][vc_single_image image=&#8220;7867&#8243; img_size=&#8220;medium&#8220;][\/vc_column][\/vc_row][vc_row css=&#8220;.vc_custom_1660121171364{padding-top: 30px !important;padding-bottom: 30px !important;}&#8220;][vc_column css=&#8220;.vc_custom_1660121237649{padding-top: 50px !important;padding-bottom: 50px !important;}&#8220;][vc_row_inner css=&#8220;.vc_custom_1676620181696{padding-top: 40px !important;}&#8220;][vc_column_inner][vc_column_text] Bei H2-Enterprises widmen wir alle unsere Aktivit\u00e4ten der Entwicklung innovativer Systeme zur Herstellung, Speicherung und zum Transport von sauberem Wasserstoff. Mit unseren Technologien Waste-to-Hydrogen, Flare-to-Hydrogen,\u00a0Renewables-to-Hydrogen,\u00a0H2-Real Estate\u00a0und H2-Maritime bieten wir in Kombination mit der&hellip;<\/p>\n","protected":false},"author":3,"featured_media":0,"parent":0,"menu_order":0,"comment_status":"closed","ping_status":"closed","template":"","meta":{"footnotes":""},"class_list":["post-6655","page","type-page","status-publish","hentry","description-off"],"_links":{"self":[{"href":"https:\/\/h2-enterprises.com\/de\/wp-json\/wp\/v2\/pages\/6655","targetHints":{"allow":["GET"]}}],"collection":[{"href":"https:\/\/h2-enterprises.com\/de\/wp-json\/wp\/v2\/pages"}],"about":[{"href":"https:\/\/h2-enterprises.com\/de\/wp-json\/wp\/v2\/types\/page"}],"author":[{"embeddable":true,"href":"https:\/\/h2-enterprises.com\/de\/wp-json\/wp\/v2\/users\/3"}],"replies":[{"embeddable":true,"href":"https:\/\/h2-enterprises.com\/de\/wp-json\/wp\/v2\/comments?post=6655"}],"version-history":[{"count":42,"href":"https:\/\/h2-enterprises.com\/de\/wp-json\/wp\/v2\/pages\/6655\/revisions"}],"predecessor-version":[{"id":8226,"href":"https:\/\/h2-enterprises.com\/de\/wp-json\/wp\/v2\/pages\/6655\/revisions\/8226"}],"wp:attachment":[{"href":"https:\/\/h2-enterprises.com\/de\/wp-json\/wp\/v2\/media?parent=6655"}],"curies":[{"name":"wp","href":"https:\/\/api.w.org\/{rel}","templated":true}]}}