{"id":6575,"date":"2022-10-28T06:57:02","date_gmt":"2022-10-28T04:57:02","guid":{"rendered":"https:\/\/h2-enterprises.com\/?page_id=6575"},"modified":"2023-03-11T09:25:42","modified_gmt":"2023-03-11T08:25:42","slug":"dr-peter-goepfrich","status":"publish","type":"page","link":"https:\/\/h2-enterprises.com\/de\/dr-peter-goepfrich\/","title":{"rendered":"Dr. Peter G\u00f6pfrich"},"content":{"rendered":"<div class=\"wpb-content-wrapper\"><p>[vc_row full_width=&#8220;stretch_row_content_no_spaces&#8220; bg_type=&#8220;video&#8220; video_url=&#8220;https:\/\/h2-enterprises.com\/wp-content\/uploads\/2018\/11\/iStock-483392553.mp4&#8243; video_poster=&#8220;id^5568|url^https:\/\/h2-enterprises.com\/wp-content\/uploads\/2022\/08\/trennelement_h2_industries.jpg|caption^null|alt^null|title^trennelement_h2_industries|description^null&#8220; viewport_vdo=&#8220;viewport_play&#8220; bg_override=&#8220;full&#8220; css=&#8220;.vc_custom_1665755762876{margin-top: -103px !important;padding-top: 120px !important;padding-bottom: 100px !important;}&#8220;][vc_column]<div id=\"ultimate-heading-73869f391f6c8bd8\" class=\"uvc-heading ult-adjust-bottom-margin ultimate-heading-73869f391f6c8bd8 uvc-2509 \" data-hspacer=\"no_spacer\"  data-halign=\"center\" style=\"text-align:center\"><div class=\"uvc-heading-spacer no_spacer\" style=\"top\"><\/div><div class=\"uvc-main-heading ult-responsive\"  data-ultimate-target='.uvc-heading.ultimate-heading-73869f391f6c8bd8 h1'  data-responsive-json-new='{\"font-size\":\"desktop:40px;\",\"line-height\":\"\"}' ><h1 style=\"--font-weight:theme;color:#ffffff;margin-top:50px;margin-bottom:10px;\">CREATING THE HYDROGEN WORLD<\/h1><\/div><\/div><div id=\"ultimate-heading-424069f391f6c8c33\" class=\"uvc-heading ult-adjust-bottom-margin ultimate-heading-424069f391f6c8c33 uvc-3361 \" data-hspacer=\"no_spacer\"  data-halign=\"center\" style=\"text-align:center\"><div class=\"uvc-heading-spacer no_spacer\" style=\"top\"><\/div><div class=\"uvc-main-heading ult-responsive\"  data-ultimate-target='.uvc-heading.ultimate-heading-424069f391f6c8c33 h3'  data-responsive-json-new='{\"font-size\":\"desktop:40px;\",\"line-height\":\"\"}' ><h3 style=\"--font-weight:theme;color:#ffffff;margin-top:10px;margin-bottom:40px;\">Wir produzieren, speichern und transportieren sauberen Wasserstoff<\/h3><\/div><\/div>[vc_empty_space][\/vc_column][\/vc_row][vc_row content_placement=&#8220;middle&#8220;][vc_column][vc_empty_space height=&#8220;72px&#8220;][vc_single_image image=&#8220;5433&#8243; img_size=&#8220;250&#215;250&#8243; alignment=&#8220;center&#8220; style=&#8220;vc_box_circle&#8220;][vc_empty_space]<div id=\"ultimate-heading-677469f391f6c8c65\" class=\"uvc-heading ult-adjust-bottom-margin ultimate-heading-677469f391f6c8c65 uvc-1658  uvc-heading-default-font-sizes\" data-hspacer=\"no_spacer\"  data-halign=\"center\" style=\"text-align:center\"><div class=\"uvc-heading-spacer no_spacer\" style=\"top\"><\/div><div class=\"uvc-main-heading ult-responsive\"  data-ultimate-target='.uvc-heading.ultimate-heading-677469f391f6c8c65 h2'  data-responsive-json-new='{\"font-size\":\"\",\"line-height\":\"\"}' ><h2 style=\"--font-weight:theme;\">Dr. Peter G\u00f6pfrich<\/h2><\/div><\/div><div id=\"ultimate-heading-849769f391f6c8c8e\" class=\"uvc-heading ult-adjust-bottom-margin ultimate-heading-849769f391f6c8c8e uvc-7938  uvc-heading-default-font-sizes\" data-hspacer=\"no_spacer\"  data-halign=\"center\" style=\"text-align:center\"><div class=\"uvc-heading-spacer no_spacer\" style=\"top\"><\/div><div class=\"uvc-main-heading ult-responsive\"  data-ultimate-target='.uvc-heading.ultimate-heading-849769f391f6c8c8e h2'  data-responsive-json-new='{\"font-size\":\"\",\"line-height\":\"\"}' ><h2 style=\"--font-weight:theme;\">Advisory Board<\/h2><\/div><\/div>[vc_empty_space][vc_column_text]<\/p>\n<p style=\"text-align: center;\">Dr. Peter G\u00f6pfrich geh\u00f6rt dem Board of Advisors seit 2022 an und fokussiert seine Beratung vor allem auf die L\u00e4nder der MENA Region (Nah-und Mittelost und Nordafrika)<\/p>\n<p style=\"text-align: center;\">Dr. G\u00f6pfrich lebte und arbeitete \u00fcber mehr als 30 Jahre in zahlreichen L\u00e4ndern der MENA-Region f\u00fcr den<em>Deutschen Industrie-und Handelskammertag (DIHK<\/em>) als offizieller <em>Delegierter der Deutschen Wirtschaft<\/em> and war auch langj\u00e4hriger Hauptgesch\u00e4ftsf\u00fchrer der <em>Deutsch-Arabischen Industrie-und Handelskammer (AHK)<\/em> in Kairo, sowie der <em>Deutsch-Emiratischen Industrie-und Handelskammer (AHK)<\/em> in den Vereinigten Arabischen Emiraten mit Hauptsitz in Abu Dhabi.<\/p>\n<p style=\"text-align: center;\">Von Hause aus Jurist (nach einem juristischen Studium und Doktorarbeit an der Universit\u00e4t Heidelberg), als Rechtsanwalt sowie als Mitglied von verschiedenen Schiedsgerichten in der MENA-Region und in China legt Dr. G\u00f6pfrich besonderen Wert darauf, die gesch\u00e4ftliche Praxis in einen kreativen, robusten und nachhaltigen rechtlichen Rahmen einzubetten und so die Herausforderungen der wirtschaftlich bedeutenden MENA-Region, insbesondere auch zunehmend im Bereich der Erneuerbaren Energien und der Wasserstoffwirtschaft, \u00a0zu meistern und die Chancen zu nutzen.<\/p>\n<p>[\/vc_column_text][vc_empty_space][\/vc_column][\/vc_row][vc_row full_width=&#8220;stretch_row_content_no_spaces&#8220; bg_type=&#8220;video&#8220; video_url=&#8220;https:\/\/h2-enterprises.com\/wp-content\/uploads\/2018\/11\/iStock-483392553.mp4&#8243; bg_override=&#8220;full&#8220; css=&#8220;.vc_custom_1599728317491{padding-top: 50px !important;padding-bottom: 50px !important;}&#8220;][vc_column][\/vc_column][\/vc_row]<\/p>\n<\/div>","protected":false},"excerpt":{"rendered":"<p>[vc_row full_width=&#8220;stretch_row_content_no_spaces&#8220; bg_type=&#8220;video&#8220; video_url=&#8220;https:\/\/h2-enterprises.com\/wp-content\/uploads\/2018\/11\/iStock-483392553.mp4&#8243; video_poster=&#8220;id^5568|url^https:\/\/h2-enterprises.com\/wp-content\/uploads\/2022\/08\/trennelement_h2_industries.jpg|caption^null|alt^null|title^trennelement_h2_industries|description^null&#8220; viewport_vdo=&#8220;viewport_play&#8220; bg_override=&#8220;full&#8220; css=&#8220;.vc_custom_1665755762876{margin-top: -103px !important;padding-top: 120px !important;padding-bottom: 100px !important;}&#8220;][vc_column][vc_empty_space][\/vc_column][\/vc_row][vc_row content_placement=&#8220;middle&#8220;][vc_column][vc_empty_space height=&#8220;72px&#8220;][vc_single_image image=&#8220;5433&#8243; img_size=&#8220;250&#215;250&#8243; alignment=&#8220;center&#8220; style=&#8220;vc_box_circle&#8220;][vc_empty_space][vc_empty_space][vc_column_text] Dr. Peter G\u00f6pfrich geh\u00f6rt dem Board of Advisors seit 2022 an und fokussiert seine Beratung vor allem auf die L\u00e4nder der MENA Region (Nah-und Mittelost und Nordafrika) Dr. G\u00f6pfrich lebte und arbeitete \u00fcber mehr als&hellip;<\/p>\n","protected":false},"author":3,"featured_media":0,"parent":0,"menu_order":0,"comment_status":"closed","ping_status":"closed","template":"","meta":{"footnotes":""},"class_list":["post-6575","page","type-page","status-publish","hentry","description-off"],"_links":{"self":[{"href":"https:\/\/h2-enterprises.com\/de\/wp-json\/wp\/v2\/pages\/6575","targetHints":{"allow":["GET"]}}],"collection":[{"href":"https:\/\/h2-enterprises.com\/de\/wp-json\/wp\/v2\/pages"}],"about":[{"href":"https:\/\/h2-enterprises.com\/de\/wp-json\/wp\/v2\/types\/page"}],"author":[{"embeddable":true,"href":"https:\/\/h2-enterprises.com\/de\/wp-json\/wp\/v2\/users\/3"}],"replies":[{"embeddable":true,"href":"https:\/\/h2-enterprises.com\/de\/wp-json\/wp\/v2\/comments?post=6575"}],"version-history":[{"count":3,"href":"https:\/\/h2-enterprises.com\/de\/wp-json\/wp\/v2\/pages\/6575\/revisions"}],"predecessor-version":[{"id":6594,"href":"https:\/\/h2-enterprises.com\/de\/wp-json\/wp\/v2\/pages\/6575\/revisions\/6594"}],"wp:attachment":[{"href":"https:\/\/h2-enterprises.com\/de\/wp-json\/wp\/v2\/media?parent=6575"}],"curies":[{"name":"wp","href":"https:\/\/api.w.org\/{rel}","templated":true}]}}