{"id":6570,"date":"2022-10-28T06:54:55","date_gmt":"2022-10-28T04:54:55","guid":{"rendered":"https:\/\/h2-enterprises.com\/?page_id=6570"},"modified":"2023-03-11T09:25:41","modified_gmt":"2023-03-11T08:25:41","slug":"dipl-ing-dirk-gerlach","status":"publish","type":"page","link":"https:\/\/h2-enterprises.com\/de\/dipl-ing-dirk-gerlach\/","title":{"rendered":"Dipl.-Ing. Dirk Gerlach"},"content":{"rendered":"<div class=\"wpb-content-wrapper\"><p>[vc_row full_width=&#8220;stretch_row_content_no_spaces&#8220; bg_type=&#8220;video&#8220; video_url=&#8220;https:\/\/h2-enterprises.com\/wp-content\/uploads\/2018\/11\/iStock-483392553.mp4&#8243; video_poster=&#8220;id^5568|url^https:\/\/h2-enterprises.com\/wp-content\/uploads\/2022\/08\/trennelement_h2_industries.jpg|caption^null|alt^null|title^trennelement_h2_industries|description^null&#8220; viewport_vdo=&#8220;viewport_play&#8220; bg_override=&#8220;full&#8220; css=&#8220;.vc_custom_1665755762876{margin-top: -103px !important;padding-top: 120px !important;padding-bottom: 100px !important;}&#8220;][vc_column]<div id=\"ultimate-heading-991769f390d8e8b4c\" class=\"uvc-heading ult-adjust-bottom-margin ultimate-heading-991769f390d8e8b4c uvc-1679 \" data-hspacer=\"no_spacer\"  data-halign=\"center\" style=\"text-align:center\"><div class=\"uvc-heading-spacer no_spacer\" style=\"top\"><\/div><div class=\"uvc-main-heading ult-responsive\"  data-ultimate-target='.uvc-heading.ultimate-heading-991769f390d8e8b4c h1'  data-responsive-json-new='{\"font-size\":\"desktop:40px;\",\"line-height\":\"\"}' ><h1 style=\"--font-weight:theme;color:#ffffff;margin-top:50px;margin-bottom:10px;\">CREATING THE HYDROGEN WORLD<\/h1><\/div><\/div><div id=\"ultimate-heading-665469f390d8e8baa\" class=\"uvc-heading ult-adjust-bottom-margin ultimate-heading-665469f390d8e8baa uvc-7102 \" data-hspacer=\"no_spacer\"  data-halign=\"center\" style=\"text-align:center\"><div class=\"uvc-heading-spacer no_spacer\" style=\"top\"><\/div><div class=\"uvc-main-heading ult-responsive\"  data-ultimate-target='.uvc-heading.ultimate-heading-665469f390d8e8baa h3'  data-responsive-json-new='{\"font-size\":\"desktop:40px;\",\"line-height\":\"\"}' ><h3 style=\"--font-weight:theme;color:#ffffff;margin-top:10px;margin-bottom:40px;\">Wir produzieren, speichern und transportieren sauberen Wasserstoff<\/h3><\/div><\/div>[vc_empty_space][\/vc_column][\/vc_row][vc_row content_placement=&#8220;middle&#8220;][vc_column][vc_empty_space height=&#8220;72px&#8220;][vc_single_image image=&#8220;6514&#8243; img_size=&#8220;250&#215;250&#8243; alignment=&#8220;center&#8220; style=&#8220;vc_box_circle&#8220;][vc_empty_space]<div id=\"ultimate-heading-713069f390d8e8bda\" class=\"uvc-heading ult-adjust-bottom-margin ultimate-heading-713069f390d8e8bda uvc-1534  uvc-heading-default-font-sizes\" data-hspacer=\"no_spacer\"  data-halign=\"center\" style=\"text-align:center\"><div class=\"uvc-heading-spacer no_spacer\" style=\"top\"><\/div><div class=\"uvc-main-heading ult-responsive\"  data-ultimate-target='.uvc-heading.ultimate-heading-713069f390d8e8bda h2'  data-responsive-json-new='{\"font-size\":\"\",\"line-height\":\"\"}' ><h2 style=\"--font-weight:theme;\">Dipl.-Ing. Dirk Gerlach<\/h2><\/div><\/div><div id=\"ultimate-heading-460569f390d8e8c04\" class=\"uvc-heading ult-adjust-bottom-margin ultimate-heading-460569f390d8e8c04 uvc-6513  uvc-heading-default-font-sizes\" data-hspacer=\"no_spacer\"  data-halign=\"center\" style=\"text-align:center\"><div class=\"uvc-heading-spacer no_spacer\" style=\"top\"><\/div><div class=\"uvc-main-heading ult-responsive\"  data-ultimate-target='.uvc-heading.ultimate-heading-460569f390d8e8c04 h2'  data-responsive-json-new='{\"font-size\":\"\",\"line-height\":\"\"}' ><h2 style=\"--font-weight:theme;\">Advisory Board<\/h2><\/div><\/div>[vc_empty_space][vc_column_text]<\/p>\n<p style=\"font-weight: 400; text-align: center;\">Dipl.-Ing. Dirk Gerlach geh\u00f6rt dem BoA von H<sub>2<\/sub>-Enterprises\u00a0seit 2022 an und ist Spezialist f\u00fcr Drehrohrtechniken, speziell der indirekt beheizten Pyrolyse\u00f6fen.<\/p>\n<p style=\"font-weight: 400; text-align: center;\">1999 war er Konstrukteur des Conthermofens mit 2,8m durchmesser und 20m beheizter L\u00e4nge.<\/p>\n<p style=\"font-weight: 400; text-align: center;\">2000 baute er f\u00fcr einen K\u00f6lner Anlagenbauer im Yokohama Dockyard eine Pyrolyse f\u00fcr kontaminierten Kl\u00e4rschlamm. Weitere Anlagenrealisierungen folgten f\u00fcr Dioxinkontaminiertem Boden (2001 in Japan und 2007 in Tschechien), Braunkohle (2004 auf den Philippinen), Altreifen (2009 auf Zypern). Er war zudem in der Entwicklung weiterer L\u00f6sungen im Bereich Kreislaufwirtschaft f\u00fcr TetraPack, Compounds und gemischten Abf\u00e4llen beteiligt.<\/p>\n<p style=\"font-weight: 400; text-align: center;\">Begleitet hat er zudem den Betrieb der MPA Burgau (bis 2015) und BRZ Herne (bis 2020).<\/p>\n<p style=\"font-weight: 400; text-align: center;\">Seit 2018 ist er bei Akkodis als Project Wizard \/ Technical Consultant f\u00fcr die Waste-2-Product-Projekte zust\u00e4ndig.<\/p>\n<p>[\/vc_column_text][vc_empty_space][\/vc_column][\/vc_row][vc_row full_width=&#8220;stretch_row_content_no_spaces&#8220; bg_type=&#8220;video&#8220; video_url=&#8220;https:\/\/h2-enterprises.com\/wp-content\/uploads\/2018\/11\/iStock-483392553.mp4&#8243; bg_override=&#8220;full&#8220; css=&#8220;.vc_custom_1599728317491{padding-top: 50px !important;padding-bottom: 50px !important;}&#8220;][vc_column][\/vc_column][\/vc_row]<\/p>\n<\/div>","protected":false},"excerpt":{"rendered":"<p>[vc_row full_width=&#8220;stretch_row_content_no_spaces&#8220; bg_type=&#8220;video&#8220; video_url=&#8220;https:\/\/h2-enterprises.com\/wp-content\/uploads\/2018\/11\/iStock-483392553.mp4&#8243; video_poster=&#8220;id^5568|url^https:\/\/h2-enterprises.com\/wp-content\/uploads\/2022\/08\/trennelement_h2_industries.jpg|caption^null|alt^null|title^trennelement_h2_industries|description^null&#8220; viewport_vdo=&#8220;viewport_play&#8220; bg_override=&#8220;full&#8220; css=&#8220;.vc_custom_1665755762876{margin-top: -103px !important;padding-top: 120px !important;padding-bottom: 100px !important;}&#8220;][vc_column][vc_empty_space][\/vc_column][\/vc_row][vc_row content_placement=&#8220;middle&#8220;][vc_column][vc_empty_space height=&#8220;72px&#8220;][vc_single_image image=&#8220;6514&#8243; img_size=&#8220;250&#215;250&#8243; alignment=&#8220;center&#8220; style=&#8220;vc_box_circle&#8220;][vc_empty_space][vc_empty_space][vc_column_text] Dipl.-Ing. Dirk Gerlach geh\u00f6rt dem BoA von H2-Enterprises\u00a0seit 2022 an und ist Spezialist f\u00fcr Drehrohrtechniken, speziell der indirekt beheizten Pyrolyse\u00f6fen. 1999 war er Konstrukteur des Conthermofens mit 2,8m durchmesser und 20m beheizter L\u00e4nge. 2000 baute&hellip;<\/p>\n","protected":false},"author":3,"featured_media":0,"parent":0,"menu_order":0,"comment_status":"closed","ping_status":"closed","template":"","meta":{"footnotes":""},"class_list":["post-6570","page","type-page","status-publish","hentry","description-off"],"_links":{"self":[{"href":"https:\/\/h2-enterprises.com\/de\/wp-json\/wp\/v2\/pages\/6570","targetHints":{"allow":["GET"]}}],"collection":[{"href":"https:\/\/h2-enterprises.com\/de\/wp-json\/wp\/v2\/pages"}],"about":[{"href":"https:\/\/h2-enterprises.com\/de\/wp-json\/wp\/v2\/types\/page"}],"author":[{"embeddable":true,"href":"https:\/\/h2-enterprises.com\/de\/wp-json\/wp\/v2\/users\/3"}],"replies":[{"embeddable":true,"href":"https:\/\/h2-enterprises.com\/de\/wp-json\/wp\/v2\/comments?post=6570"}],"version-history":[{"count":3,"href":"https:\/\/h2-enterprises.com\/de\/wp-json\/wp\/v2\/pages\/6570\/revisions"}],"predecessor-version":[{"id":7589,"href":"https:\/\/h2-enterprises.com\/de\/wp-json\/wp\/v2\/pages\/6570\/revisions\/7589"}],"wp:attachment":[{"href":"https:\/\/h2-enterprises.com\/de\/wp-json\/wp\/v2\/media?parent=6570"}],"curies":[{"name":"wp","href":"https:\/\/api.w.org\/{rel}","templated":true}]}}