{"id":6559,"date":"2022-10-28T06:46:37","date_gmt":"2022-10-28T04:46:37","guid":{"rendered":"https:\/\/h2-enterprises.com\/?page_id=6559"},"modified":"2023-03-11T09:25:51","modified_gmt":"2023-03-11T08:25:51","slug":"prof-dr-ing-klaus-g-lederer","status":"publish","type":"page","link":"https:\/\/h2-enterprises.com\/de\/prof-dr-ing-klaus-g-lederer\/","title":{"rendered":"Prof. Dr.-Ing. Klaus G. Lederer"},"content":{"rendered":"<div class=\"wpb-content-wrapper\"><p>[vc_row full_width=&#8220;stretch_row_content_no_spaces&#8220; bg_type=&#8220;video&#8220; video_url=&#8220;https:\/\/h2-enterprises.com\/wp-content\/uploads\/2018\/11\/iStock-483392553.mp4&#8243; video_poster=&#8220;id^5568|url^https:\/\/h2-enterprises.com\/wp-content\/uploads\/2022\/08\/trennelement_h2_industries.jpg|caption^null|alt^null|title^trennelement_h2_industries|description^null&#8220; viewport_vdo=&#8220;viewport_play&#8220; bg_override=&#8220;full&#8220; css=&#8220;.vc_custom_1665755762876{margin-top: -103px !important;padding-top: 120px !important;padding-bottom: 100px !important;}&#8220;][vc_column]<div id=\"ultimate-heading-580169ef91eeb1fe7\" class=\"uvc-heading ult-adjust-bottom-margin ultimate-heading-580169ef91eeb1fe7 uvc-2669 \" data-hspacer=\"no_spacer\"  data-halign=\"center\" style=\"text-align:center\"><div class=\"uvc-heading-spacer no_spacer\" style=\"top\"><\/div><div class=\"uvc-main-heading ult-responsive\"  data-ultimate-target='.uvc-heading.ultimate-heading-580169ef91eeb1fe7 h1'  data-responsive-json-new='{\"font-size\":\"desktop:40px;\",\"line-height\":\"\"}' ><h1 style=\"--font-weight:theme;color:#ffffff;margin-top:50px;margin-bottom:10px;\">CREATING THE HYDROGEN WORLD<\/h1><\/div><\/div><div id=\"ultimate-heading-200569ef91eeb2044\" class=\"uvc-heading ult-adjust-bottom-margin ultimate-heading-200569ef91eeb2044 uvc-4923 \" data-hspacer=\"no_spacer\"  data-halign=\"center\" style=\"text-align:center\"><div class=\"uvc-heading-spacer no_spacer\" style=\"top\"><\/div><div class=\"uvc-main-heading ult-responsive\"  data-ultimate-target='.uvc-heading.ultimate-heading-200569ef91eeb2044 h3'  data-responsive-json-new='{\"font-size\":\"desktop:40px;\",\"line-height\":\"\"}' ><h3 style=\"--font-weight:theme;color:#ffffff;margin-top:10px;margin-bottom:40px;\">Wir produzieren, speichern und transportieren sauberen Wasserstoff<\/h3><\/div><\/div>[vc_empty_space][\/vc_column][\/vc_row][vc_row content_placement=&#8220;middle&#8220;][vc_column][vc_empty_space height=&#8220;72px&#8220;][vc_single_image image=&#8220;2689&#8243; img_size=&#8220;250&#215;250&#8243; alignment=&#8220;center&#8220; style=&#8220;vc_box_circle&#8220;][vc_empty_space]<div id=\"ultimate-heading-780969ef91eeb2073\" class=\"uvc-heading ult-adjust-bottom-margin ultimate-heading-780969ef91eeb2073 uvc-3277  uvc-heading-default-font-sizes\" data-hspacer=\"no_spacer\"  data-halign=\"center\" style=\"text-align:center\"><div class=\"uvc-heading-spacer no_spacer\" style=\"top\"><\/div><div class=\"uvc-main-heading ult-responsive\"  data-ultimate-target='.uvc-heading.ultimate-heading-780969ef91eeb2073 h2'  data-responsive-json-new='{\"font-size\":\"\",\"line-height\":\"\"}' ><h2 style=\"--font-weight:theme;\">Prof. Dr.-Ing. Klaus G. Lederer<\/h2><\/div><\/div><div id=\"ultimate-heading-458969ef91eeb209c\" class=\"uvc-heading ult-adjust-bottom-margin ultimate-heading-458969ef91eeb209c uvc-9218  uvc-heading-default-font-sizes\" data-hspacer=\"no_spacer\"  data-halign=\"center\" style=\"text-align:center\"><div class=\"uvc-heading-spacer no_spacer\" style=\"top\"><\/div><div class=\"uvc-main-heading ult-responsive\"  data-ultimate-target='.uvc-heading.ultimate-heading-458969ef91eeb209c h2'  data-responsive-json-new='{\"font-size\":\"\",\"line-height\":\"\"}' ><h2 style=\"--font-weight:theme;\">Chairman Advisory Board<\/h2><\/div><\/div>[vc_empty_space][vc_column_text]<\/p>\n<p style=\"text-align: center;\">Prof. Dr.-Ing. Klaus G. Lederer ber\u00e4t H<sub>2<\/sub>-Industries SE seit 2018 und war 2020 bis Nov. 2021 der COO, wo er Chairman of the Advisory Board wurde. Zuvor war er \u00fcber 20 Jahre als Bereichsleiter, Vorstand, in namhaften Unternehmen, wie BMW, Heidelberger Druckmaschinen, TEVES, ITT, Babcock Borsig und HDW weltweit t\u00e4tig, sowie Mitglied zahlreicher Aufsichts- und Beir\u00e4te, wie Lufthansa Cargo, Deutz, INA, FAG, Schaeffler, Flender, Deutsche Bank, Westdeutsche Landesbank und BHF-Bank. Zudem ist er Mitglied im Beirat der Marvin &amp; Palmer Associates. Prof. Dr.-Ing. Klaus Lederer war \u00fcber 10 Jahre aktiv als Honorarprofessor f\u00fcr das Institut f\u00fcr Produktionstechnik und Automatisierung der Fraunhofer Gesellschaft an der Universit\u00e4t Stuttgart t\u00e4tig, wo er auch 1978 zum Dr.-Ing. promoviert hat<\/p>\n<p>[\/vc_column_text][vc_empty_space][\/vc_column][\/vc_row][vc_row full_width=&#8220;stretch_row_content_no_spaces&#8220; bg_type=&#8220;video&#8220; video_url=&#8220;https:\/\/h2-enterprises.com\/wp-content\/uploads\/2018\/11\/iStock-483392553.mp4&#8243; bg_override=&#8220;full&#8220; css=&#8220;.vc_custom_1599728317491{padding-top: 50px !important;padding-bottom: 50px !important;}&#8220;][vc_column][\/vc_column][\/vc_row]<\/p>\n<\/div>","protected":false},"excerpt":{"rendered":"<p>[vc_row full_width=&#8220;stretch_row_content_no_spaces&#8220; bg_type=&#8220;video&#8220; video_url=&#8220;https:\/\/h2-enterprises.com\/wp-content\/uploads\/2018\/11\/iStock-483392553.mp4&#8243; video_poster=&#8220;id^5568|url^https:\/\/h2-enterprises.com\/wp-content\/uploads\/2022\/08\/trennelement_h2_industries.jpg|caption^null|alt^null|title^trennelement_h2_industries|description^null&#8220; viewport_vdo=&#8220;viewport_play&#8220; bg_override=&#8220;full&#8220; css=&#8220;.vc_custom_1665755762876{margin-top: -103px !important;padding-top: 120px !important;padding-bottom: 100px !important;}&#8220;][vc_column][vc_empty_space][\/vc_column][\/vc_row][vc_row content_placement=&#8220;middle&#8220;][vc_column][vc_empty_space height=&#8220;72px&#8220;][vc_single_image image=&#8220;2689&#8243; img_size=&#8220;250&#215;250&#8243; alignment=&#8220;center&#8220; style=&#8220;vc_box_circle&#8220;][vc_empty_space][vc_empty_space][vc_column_text] Prof. Dr.-Ing. Klaus G. Lederer ber\u00e4t H2-Industries SE seit 2018 und war 2020 bis Nov. 2021 der COO, wo er Chairman of the Advisory Board wurde. Zuvor war er \u00fcber 20 Jahre als Bereichsleiter, Vorstand,&hellip;<\/p>\n","protected":false},"author":3,"featured_media":0,"parent":0,"menu_order":0,"comment_status":"closed","ping_status":"closed","template":"","meta":{"footnotes":""},"class_list":["post-6559","page","type-page","status-publish","hentry","description-off"],"_links":{"self":[{"href":"https:\/\/h2-enterprises.com\/de\/wp-json\/wp\/v2\/pages\/6559","targetHints":{"allow":["GET"]}}],"collection":[{"href":"https:\/\/h2-enterprises.com\/de\/wp-json\/wp\/v2\/pages"}],"about":[{"href":"https:\/\/h2-enterprises.com\/de\/wp-json\/wp\/v2\/types\/page"}],"author":[{"embeddable":true,"href":"https:\/\/h2-enterprises.com\/de\/wp-json\/wp\/v2\/users\/3"}],"replies":[{"embeddable":true,"href":"https:\/\/h2-enterprises.com\/de\/wp-json\/wp\/v2\/comments?post=6559"}],"version-history":[{"count":6,"href":"https:\/\/h2-enterprises.com\/de\/wp-json\/wp\/v2\/pages\/6559\/revisions"}],"predecessor-version":[{"id":6593,"href":"https:\/\/h2-enterprises.com\/de\/wp-json\/wp\/v2\/pages\/6559\/revisions\/6593"}],"wp:attachment":[{"href":"https:\/\/h2-enterprises.com\/de\/wp-json\/wp\/v2\/media?parent=6559"}],"curies":[{"name":"wp","href":"https:\/\/api.w.org\/{rel}","templated":true}]}}