{"id":6553,"date":"2022-10-28T06:35:10","date_gmt":"2022-10-28T04:35:10","guid":{"rendered":"https:\/\/h2-enterprises.com\/?page_id=6553"},"modified":"2023-03-11T09:25:48","modified_gmt":"2023-03-11T08:25:48","slug":"michael-stusch","status":"publish","type":"page","link":"https:\/\/h2-enterprises.com\/de\/michael-stusch\/","title":{"rendered":"Michael Stusch"},"content":{"rendered":"<div class=\"wpb-content-wrapper\"><p>[vc_row full_width=&#8220;stretch_row_content_no_spaces&#8220; bg_type=&#8220;video&#8220; video_url=&#8220;https:\/\/h2-enterprises.com\/wp-content\/uploads\/2018\/11\/iStock-483392553.mp4&#8243; video_poster=&#8220;id^5568|url^https:\/\/h2-enterprises.com\/wp-content\/uploads\/2022\/08\/trennelement_h2_industries.jpg|caption^null|alt^null|title^trennelement_h2_industries|description^null&#8220; viewport_vdo=&#8220;viewport_play&#8220; bg_override=&#8220;full&#8220; css=&#8220;.vc_custom_1665755762876{margin-top: -103px !important;padding-top: 120px !important;padding-bottom: 100px !important;}&#8220;][vc_column]<div id=\"ultimate-heading-473669ef8a6b100d3\" class=\"uvc-heading ult-adjust-bottom-margin ultimate-heading-473669ef8a6b100d3 uvc-4045 \" data-hspacer=\"no_spacer\"  data-halign=\"center\" style=\"text-align:center\"><div class=\"uvc-heading-spacer no_spacer\" style=\"top\"><\/div><div class=\"uvc-main-heading ult-responsive\"  data-ultimate-target='.uvc-heading.ultimate-heading-473669ef8a6b100d3 h1'  data-responsive-json-new='{\"font-size\":\"desktop:40px;\",\"line-height\":\"\"}' ><h1 style=\"--font-weight:theme;color:#ffffff;margin-top:50px;margin-bottom:10px;\">CREATING THE HYDROGEN WORLD<\/h1><\/div><\/div><div id=\"ultimate-heading-8969ef8a6b10136\" class=\"uvc-heading ult-adjust-bottom-margin ultimate-heading-8969ef8a6b10136 uvc-1957 \" data-hspacer=\"no_spacer\"  data-halign=\"center\" style=\"text-align:center\"><div class=\"uvc-heading-spacer no_spacer\" style=\"top\"><\/div><div class=\"uvc-main-heading ult-responsive\"  data-ultimate-target='.uvc-heading.ultimate-heading-8969ef8a6b10136 h3'  data-responsive-json-new='{\"font-size\":\"desktop:40px;\",\"line-height\":\"\"}' ><h3 style=\"--font-weight:theme;color:#ffffff;margin-top:10px;margin-bottom:40px;\">Wir produzieren, speichern und transportieren sauberen Wasserstoff<\/h3><\/div><\/div>[vc_empty_space][\/vc_column][\/vc_row][vc_row content_placement=&#8220;middle&#8220;][vc_column][vc_empty_space height=&#8220;72px&#8220;][vc_single_image image=&#8220;5423&#8243; img_size=&#8220;250&#215;250&#8243; alignment=&#8220;center&#8220; style=&#8220;vc_box_circle&#8220;][vc_empty_space]<div id=\"ultimate-heading-726969ef8a6b10179\" class=\"uvc-heading ult-adjust-bottom-margin ultimate-heading-726969ef8a6b10179 uvc-6474  uvc-heading-default-font-sizes\" data-hspacer=\"no_spacer\"  data-halign=\"center\" style=\"text-align:center\"><div class=\"uvc-heading-spacer no_spacer\" style=\"top\"><\/div><div class=\"uvc-main-heading ult-responsive\"  data-ultimate-target='.uvc-heading.ultimate-heading-726969ef8a6b10179 h2'  data-responsive-json-new='{\"font-size\":\"\",\"line-height\":\"\"}' ><h2 style=\"--font-weight:theme;\">Michael Stusch,<\/h2><\/div><\/div><div id=\"ultimate-heading-83269ef8a6b101b3\" class=\"uvc-heading ult-adjust-bottom-margin ultimate-heading-83269ef8a6b101b3 uvc-1439  uvc-heading-default-font-sizes\" data-hspacer=\"no_spacer\"  data-halign=\"center\" style=\"text-align:center\"><div class=\"uvc-heading-spacer no_spacer\" style=\"top\"><\/div><div class=\"uvc-main-heading ult-responsive\"  data-ultimate-target='.uvc-heading.ultimate-heading-83269ef8a6b101b3 h2'  data-responsive-json-new='{\"font-size\":\"\",\"line-height\":\"\"}' ><h2 style=\"--font-weight:theme;\">Executive Chairman &amp; Chief Executive Officer (CEO)<\/h2><\/div><\/div>[vc_empty_space][vc_column_text]<\/p>\n<p style=\"text-align: center;\">Michael Stusch ist Executive Chairman &amp; Chief Executive Officer (CEO) der H<sub>2<\/sub>-Enterprises Inc.\u00a0und Gesch\u00e4ftsf\u00fchrer der Global Energy Trading Foundation GmbH. Er hat H<sub>2<\/sub>-Enterprises\u00a0in den vergangenen Jahren zu einem in Deutschland ans\u00e4ssigen Energiespeicherunternehmen ausgebaut. Zu seinen Leistungen z\u00e4hlt die Entwicklung der skalierbaren LOHC-Energiespeichertechnik. Mit ihr kann elektrische Energie kosteng\u00fcnstig gespeichert und wieder abgegeben werden. Michael Stusch ist ein erfahrener High-Tech-Unternehmer, er gr\u00fcndete die ADTECH AG (Internet-Pionier im Bereich Online-Werbung) und verkaufte sie 2007 erfolgreich an AOL\/Time Warner. In Frankfurt hat der Diplom-Ingenieur Feinwerktechnik studiert und in Darmstadt Wirtschaftsingenieurwesen.<\/p>\n<p>[\/vc_column_text][vc_empty_space][\/vc_column][\/vc_row][vc_row full_width=&#8220;stretch_row_content_no_spaces&#8220; bg_type=&#8220;video&#8220; video_url=&#8220;https:\/\/h2-enterprises.com\/wp-content\/uploads\/2018\/11\/iStock-483392553.mp4&#8243; bg_override=&#8220;full&#8220; css=&#8220;.vc_custom_1599728317491{padding-top: 50px !important;padding-bottom: 50px !important;}&#8220;][vc_column][\/vc_column][\/vc_row]<\/p>\n<\/div>","protected":false},"excerpt":{"rendered":"<p>[vc_row full_width=&#8220;stretch_row_content_no_spaces&#8220; bg_type=&#8220;video&#8220; video_url=&#8220;https:\/\/h2-enterprises.com\/wp-content\/uploads\/2018\/11\/iStock-483392553.mp4&#8243; video_poster=&#8220;id^5568|url^https:\/\/h2-enterprises.com\/wp-content\/uploads\/2022\/08\/trennelement_h2_industries.jpg|caption^null|alt^null|title^trennelement_h2_industries|description^null&#8220; viewport_vdo=&#8220;viewport_play&#8220; bg_override=&#8220;full&#8220; css=&#8220;.vc_custom_1665755762876{margin-top: -103px !important;padding-top: 120px !important;padding-bottom: 100px !important;}&#8220;][vc_column][vc_empty_space][\/vc_column][\/vc_row][vc_row content_placement=&#8220;middle&#8220;][vc_column][vc_empty_space height=&#8220;72px&#8220;][vc_single_image image=&#8220;5423&#8243; img_size=&#8220;250&#215;250&#8243; alignment=&#8220;center&#8220; style=&#8220;vc_box_circle&#8220;][vc_empty_space][vc_empty_space][vc_column_text] Michael Stusch ist Executive Chairman &amp; Chief Executive Officer (CEO) der H2-Enterprises Inc.\u00a0und Gesch\u00e4ftsf\u00fchrer der Global Energy Trading Foundation GmbH. Er hat H2-Enterprises\u00a0in den vergangenen Jahren zu einem in Deutschland ans\u00e4ssigen Energiespeicherunternehmen ausgebaut. Zu seinen&hellip;<\/p>\n","protected":false},"author":3,"featured_media":0,"parent":0,"menu_order":0,"comment_status":"closed","ping_status":"closed","template":"","meta":{"footnotes":""},"class_list":["post-6553","page","type-page","status-publish","hentry","description-off"],"_links":{"self":[{"href":"https:\/\/h2-enterprises.com\/de\/wp-json\/wp\/v2\/pages\/6553","targetHints":{"allow":["GET"]}}],"collection":[{"href":"https:\/\/h2-enterprises.com\/de\/wp-json\/wp\/v2\/pages"}],"about":[{"href":"https:\/\/h2-enterprises.com\/de\/wp-json\/wp\/v2\/types\/page"}],"author":[{"embeddable":true,"href":"https:\/\/h2-enterprises.com\/de\/wp-json\/wp\/v2\/users\/3"}],"replies":[{"embeddable":true,"href":"https:\/\/h2-enterprises.com\/de\/wp-json\/wp\/v2\/comments?post=6553"}],"version-history":[{"count":8,"href":"https:\/\/h2-enterprises.com\/de\/wp-json\/wp\/v2\/pages\/6553\/revisions"}],"predecessor-version":[{"id":7587,"href":"https:\/\/h2-enterprises.com\/de\/wp-json\/wp\/v2\/pages\/6553\/revisions\/7587"}],"wp:attachment":[{"href":"https:\/\/h2-enterprises.com\/de\/wp-json\/wp\/v2\/media?parent=6553"}],"curies":[{"name":"wp","href":"https:\/\/api.w.org\/{rel}","templated":true}]}}