{"id":5709,"date":"2022-08-11T07:41:47","date_gmt":"2022-08-11T05:41:47","guid":{"rendered":"https:\/\/h2-enterprises.com\/?page_id=5709"},"modified":"2023-03-11T09:25:56","modified_gmt":"2023-03-11T08:25:56","slug":"wasserstoff-aus-fackelgas","status":"publish","type":"page","link":"https:\/\/h2-enterprises.com\/de\/wasserstoff-aus-fackelgas\/","title":{"rendered":"Wasserstoff aus Fackelgas"},"content":{"rendered":"<div class=\"wpb-content-wrapper\"><p>[vc_row full_width=&#8220;stretch_row&#8220; bg_type=&#8220;bg_color&#8220; bg_color_value=&#8220;#1a2653&#8243; css=&#8220;.vc_custom_1607615601197{margin-top: -50px !important;}&#8220;][vc_column][vc_single_image image=&#8220;8108&#8243; img_size=&#8220;medium&#8220;]<div id=\"ultimate-heading-93469f3b85c909a6\" class=\"uvc-heading ult-adjust-bottom-margin ultimate-heading-93469f3b85c909a6 uvc-7090  uvc-heading-default-font-sizes\" data-hspacer=\"no_spacer\"  data-halign=\"left\" style=\"text-align:left\"><div class=\"uvc-heading-spacer no_spacer\" style=\"top\"><\/div><div class=\"uvc-main-heading ult-responsive\"  data-ultimate-target='.uvc-heading.ultimate-heading-93469f3b85c909a6 h1'  data-responsive-json-new='{\"font-size\":\"\",\"line-height\":\"\"}' ><h1 style=\"--font-weight:theme;color:#ffffff;margin-bottom:60px;\">Fackelgas in sauberen Wasserstoff umwandeln<\/h1><\/div><div class=\"uvc-sub-heading ult-responsive\"  data-ultimate-target='.uvc-heading.ultimate-heading-93469f3b85c909a6 .uvc-sub-heading '  data-responsive-json-new='{\"font-size\":\"\",\"line-height\":\"\"}'  style=\"font-weight:normal;color:#ffffff;margin-bottom:60px;\"><\/p>\n<p style=\"font-weight: 400;\">H<sub>2<\/sub>-Enterprises hat eine integrierte L\u00f6sung entwickelt, die das hochgradig umweltsch\u00e4dliche Abfackeln von Gasen, die bei der Erd\u00f6lproduktion an Land und auf hoher See entstehen adressiert und aus den Fackelgasen sauberen Wasserstoff und feste Kohlenstoffnebenprodukte erzeugt. Hierzu werden die hochsch\u00e4dlichen Gase, die fr\u00fcher abgefackelt worden w\u00e4ren, aufgefangen, bearbeitet und als sauberer Brennstoff oder Produktionsmittel f\u00fcr verschiedene Industrien zur Verf\u00fcgung gestellt. Wasserstoff und fester Kohlenstoff finden heute unter anderem in der Stahl- und Zement-Industrie, im Transportsektor oder in der Stromerzeugung ihre Abnehmer.<\/p>\n<p style=\"font-weight: 400;\">Die technologischen L\u00f6sungen von H<sub>2<\/sub>-Enterprises beinhalten nicht nur die Erzeugung von sauberer, CO<sub>2<\/sub>-emissionsfreier Energie in Form von Wasserstoff, sondern beseitigen gleichzeitig auch eine der gr\u00f6\u00dften Quellen von Umweltverschmutzung auf unserem Planeten. Dar\u00fcber hinaus hat H<sub>2<\/sub>-Enterprises eine L\u00f6sung, den so produzierter Wasserstoff sicher den Kundenanforderungen entsprechend zu speichern, zu transportieren und anzuliefern, wann und wo er ben\u00f6tigt wird.<\/p>\n<p style=\"font-weight: 400;\">H<sub>2<\/sub>-Enterprises wendet das bekannte Konzept der \u201enachhaltigen Kreislaufwirtschaft\u201c erstmals auch auf die \u00d6lindustrie an, in dem hier nicht nur sauberer Wasserstoff, sondern mit festem Kohlenstoff auch ein \u00e4u\u00dferst wertvolles Nebenprodukt produziert wird, statt dass Treibhausgase<sub>\u00a0<\/sub>wie bisher in die Atmosph\u00e4re entsorgt werden. Fester Kohlenstoff, der ein Grundbaustein zahlreicher industrieller Produktionsprozesse und Konsumg\u00fcter ist, wird so als Nebenprodukt der Wasserstoffherstellung produziert. Wir gehen davon aus, dass H<sub>2<\/sub>-Enterprises mit seinen Technologien zur Produktion und Speicherung sauberen Wasserstoffs eine wichtige Rolle bei der Dekarbonisierung unseres Planeten spielen wird.<\/p>\n<p><\/div><\/div>[\/vc_column][\/vc_row][vc_row full_width=&#8220;stretch_row_content_no_spaces&#8220; bg_type=&#8220;image&#8220; parallax_style=&#8220;vcpb-default&#8220; bg_image_new=&#8220;id^995|url^https:\/\/h2-enterprises.com\/wp-content\/uploads\/2018\/11\/LOHC-Kopie.jpg|caption^null|alt^null|title^LOHC-Kopie|description^null&#8220; bg_img_attach=&#8220;fixed&#8220; css=&#8220;.vc_custom_1607615567759{padding-top: 50px !important;padding-bottom: 50px !important;}&#8220;][vc_column][\/vc_column][\/vc_row][vc_row css=&#8220;.vc_custom_1660121171364{padding-top: 30px !important;padding-bottom: 30px !important;}&#8220;][vc_column css=&#8220;.vc_custom_1660121237649{padding-top: 50px !important;padding-bottom: 50px !important;}&#8220;][vc_row_inner][vc_column_inner width=&#8220;2\/3&#8243;]<div id=\"ultimate-heading-817169f3b85c90a28\" class=\"uvc-heading ult-adjust-bottom-margin ultimate-heading-817169f3b85c90a28 uvc-5017  uvc-heading-default-font-sizes\" data-hspacer=\"no_spacer\"  data-halign=\"left\" style=\"text-align:left\"><div class=\"uvc-heading-spacer no_spacer\" style=\"top\"><\/div><div class=\"uvc-main-heading ult-responsive\"  data-ultimate-target='.uvc-heading.ultimate-heading-817169f3b85c90a28 h2'  data-responsive-json-new='{\"font-size\":\"\",\"line-height\":\"\"}' ><h2 style=\"--font-weight:theme;margin-bottom:30px;\">Abfackelgasemissionen trugen zur globalen Erw\u00e4rmung bei<\/h2><\/div><\/div>[vc_column_text]<\/p>\n<p style=\"font-weight: 400;\">In der Erdgas- und Erd\u00f6lproduktion werden ungenutzte, gasf\u00f6rmige Abfallstoffe, die bei der F\u00f6rderung an die Oberfl\u00e4che kommen abgefackelt, d.h. Kohlenwasserstoffe werden verbrannt und in die Atmosph\u00e4re entlassen. Insbesondere in Gebieten mit begrenzter Infrastruktur zur Filterung oder Speicherung, wie beispielsweise Offshore-Plattformen, wird Gas oft mit verheerenden Auswirkungen auf die Umwelt verbrannt. Laut IEA wurden im Jahr 2021 weltweit 144 Mrd. Kubikmeter Erdgas abgefackelt \u2013 das entspricht in etwa dem Erdgasbedarf von ganz Mittel- und S\u00fcdamerika. Dies f\u00fchrt dazu, dass rund 382 Millionen Tonnen CO<sub>2<\/sub>, sowie schwarzer Ru\u00df und andere Treibhausgase in die Atmosph\u00e4re gelangen. Im Jahr 2020 waren allein die gr\u00f6\u00dften Verursacher von Fackelgas-Verschmutzung (Russland, Irak, Iran, Venezuela, die Vereinigten Staaten und Algerien) f\u00fcr mehr als die H\u00e4lfte aller weltweit abgefackelten Gasmengen verantwortlich.<\/p>\n<p style=\"font-weight: 400;\">Das Abfackeln gibt es seit Beginn der \u00d6lf\u00f6rderung vor \u00fcber 100 Jahren und kommt bis heute zum Einsatz, da die anfallenden Gase \u00f6konomisch nicht nutzbar sind und eine umweltfreundliche und wirtschaftliche L\u00f6sung des Problems bis dato nicht verf\u00fcgbar ist. Laut der Weltbank ist das Verbrennen von Fackelgasen eine monumentale Verschwendung wertvoller nat\u00fcrlicher Ressourcen, die f\u00fcr produktive Zwecke verwendet werden sollten: So k\u00f6nnte die derzeit j\u00e4hrlich abgefackelte Gasmenge \u2013 rund 144 Milliarden Kubikmeter \u2013 20% Afrikas mit Strom versorgen. Diese Verschwendung muss nicht mehr sein.<\/p>\n<p>[\/vc_column_text][\/vc_column_inner][vc_column_inner width=&#8220;1\/3&#8243;][vc_empty_space height=&#8220;110px&#8220;][vc_single_image image=&#8220;6056&#8243; img_size=&#8220;full&#8220;]<div id=\"ultimate-heading-590769f3b85c90a6a\" class=\"uvc-heading ult-adjust-bottom-margin ultimate-heading-590769f3b85c90a6a uvc-3648 \" data-hspacer=\"no_spacer\"  data-halign=\"left\" style=\"text-align:left\"><div class=\"uvc-heading-spacer no_spacer\" style=\"top\"><\/div><div class=\"uvc-main-heading ult-responsive\"  data-ultimate-target='.uvc-heading.ultimate-heading-590769f3b85c90a6a p'  data-responsive-json-new='{\"font-size\":\"desktop:14px;\",\"line-height\":\"\"}' ><p style=\"--font-weight:theme;margin-top:-20px;margin-bottom:20px;\">Heute: Problem<\/p><\/div><\/div>[vc_column_text]<img loading=\"lazy\" decoding=\"async\" class=\"size-full wp-image-7981 aligncenter\" src=\"https:\/\/h2-enterprises.com\/wp-content\/uploads\/2023\/02\/arrowdown-small.png\" alt=\"\" width=\"50\" height=\"28\" \/>[\/vc_column_text][vc_empty_space height=&#8220;12px&#8220;][vc_single_image image=&#8220;7974&#8243; img_size=&#8220;full&#8220;]<div id=\"ultimate-heading-174069f3b85c90aa0\" class=\"uvc-heading ult-adjust-bottom-margin ultimate-heading-174069f3b85c90aa0 uvc-4298 \" data-hspacer=\"no_spacer\"  data-halign=\"left\" style=\"text-align:left\"><div class=\"uvc-heading-spacer no_spacer\" style=\"top\"><\/div><div class=\"uvc-main-heading ult-responsive\"  data-ultimate-target='.uvc-heading.ultimate-heading-174069f3b85c90aa0 p'  data-responsive-json-new='{\"font-size\":\"desktop:14px;\",\"line-height\":\"\"}' ><p style=\"--font-weight:theme;margin-top:-20px;margin-bottom:60px;\">Morgen: L\u00f6sung<\/p><\/div><\/div>[\/vc_column_inner][\/vc_row_inner][\/vc_column][\/vc_row][vc_row full_width=&#8220;stretch_row&#8220; bg_type=&#8220;image&#8220; parallax_style=&#8220;vcpb-default&#8220; bg_image_new=&#8220;id^5568|url^https:\/\/h2-enterprises.com\/wp-content\/uploads\/2022\/08\/trennelement_h2_industries.jpg|caption^null|alt^null|title^trennelement_h2_industries|description^null&#8220; bg_img_attach=&#8220;fixed&#8220; css=&#8220;.vc_custom_1660121544261{padding-top: 50px !important;padding-bottom: 50px !important;}&#8220;][vc_column][\/vc_column][\/vc_row][vc_row][vc_column width=&#8220;2\/3&#8243; css=&#8220;.vc_custom_1660121274580{padding-top: 50px !important;padding-bottom: 50px !important;}&#8220;]<div id=\"ultimate-heading-175169f3b85c90acd\" class=\"uvc-heading ult-adjust-bottom-margin ultimate-heading-175169f3b85c90acd uvc-8137  uvc-heading-default-font-sizes\" data-hspacer=\"no_spacer\"  data-halign=\"left\" style=\"text-align:left\"><div class=\"uvc-heading-spacer no_spacer\" style=\"top\"><\/div><div class=\"uvc-main-heading ult-responsive\"  data-ultimate-target='.uvc-heading.ultimate-heading-175169f3b85c90acd h2'  data-responsive-json-new='{\"font-size\":\"\",\"line-height\":\"\"}' ><h2 style=\"--font-weight:theme;margin-bottom:30px;\">Fackelgas in sauberen Wasserstoff umwandeln<\/h2><\/div><\/div>[vc_column_text]<\/p>\n<p style=\"font-weight: 400;\">H<sub>2<\/sub>-Enterprises hat eine L\u00f6sung entwickelt die Fackelgase direkt bei ihrer Entstehung auffangen, in Wasserstoff umwandeln und sicher in der organischen Tr\u00e4gerfl\u00fcssigeit LOHC (Liquid Organic Hydrogen Carrier) speichern und transportieren kann.<\/p>\n<p style=\"font-weight: 400;\">Da die Zusammensetzung von Fackelgasen von Produktionsst\u00e4tte zu Produktionsst\u00e4tte sehr unterschiedlich ist, hat H<sub>2<\/sub>-Enterprises projektspezifische Prozesse zur Filterung des Methans (CH<sub>4<\/sub>) und zur Erzeugung von sauberem Wasserstoff und festen Kohlenstoffs entwickelt. Die hierzu notwendige Technologie wird in standardisierten Modulen in 20-Fu\u00df- und 40-Fu\u00df-Containern an die Produktionsst\u00e4tten geliefert, egal ob Offshore oder Onshore und sind je nach Kapazit\u00e4tsbedarf frei skalierbar. Der saubere Wasserstoff wird anschliessend in ISO-Containertanks in der\u00a0Tr\u00e4gerfl\u00fcssigkeit LOHC gespeichert und abtransportiert.<\/p>\n<p style=\"font-weight: 400;\">H<sub>2<\/sub>-Enterprises Fackelgas-zu-Wasserstoff-Technologie bietet somit eine neuartige, \u00f6konomisch attraktive M\u00f6glichkeit f\u00fcr \u00d6l- und Gasunternehmen sowie Regierungen der L\u00e4nder, in denen \u00d6l und Gas gef\u00f6rdert werden, eine ihrer Schl\u00fcsselindustrien zu dekarbonisieren. So k\u00f6nnen neue, nachhaltige Gesch\u00e4ftsfelder erschlossen werden, die zuvor mangels einer effizienten, technischen L\u00f6sung ignoriert wurden, und es kann ein Beitrag dazu geleistet werden, die teils ehrgeizigen, nationalen Wasserstoff-Roadmaps schneller umzusetzen.<\/p>\n<p>[\/vc_column_text][\/vc_column][vc_column width=&#8220;1\/3&#8243;][vc_empty_space height=&#8220;110px&#8220;][vc_single_image image=&#8220;6053&#8243; img_size=&#8220;full&#8220;][\/vc_column][\/vc_row]<\/p>\n<\/div>","protected":false},"excerpt":{"rendered":"<p>[vc_row full_width=&#8220;stretch_row&#8220; bg_type=&#8220;bg_color&#8220; bg_color_value=&#8220;#1a2653&#8243; css=&#8220;.vc_custom_1607615601197{margin-top: -50px !important;}&#8220;][vc_column][vc_single_image image=&#8220;8108&#8243; img_size=&#8220;medium&#8220;][\/vc_column][\/vc_row][vc_row full_width=&#8220;stretch_row_content_no_spaces&#8220; bg_type=&#8220;image&#8220; parallax_style=&#8220;vcpb-default&#8220; bg_image_new=&#8220;id^995|url^https:\/\/h2-enterprises.com\/wp-content\/uploads\/2018\/11\/LOHC-Kopie.jpg|caption^null|alt^null|title^LOHC-Kopie|description^null&#8220; bg_img_attach=&#8220;fixed&#8220; css=&#8220;.vc_custom_1607615567759{padding-top: 50px !important;padding-bottom: 50px !important;}&#8220;][vc_column][\/vc_column][\/vc_row][vc_row css=&#8220;.vc_custom_1660121171364{padding-top: 30px !important;padding-bottom: 30px !important;}&#8220;][vc_column css=&#8220;.vc_custom_1660121237649{padding-top: 50px !important;padding-bottom: 50px !important;}&#8220;][vc_row_inner][vc_column_inner width=&#8220;2\/3&#8243;][vc_column_text] In der Erdgas- und Erd\u00f6lproduktion werden ungenutzte, gasf\u00f6rmige Abfallstoffe, die bei der F\u00f6rderung an die Oberfl\u00e4che kommen abgefackelt, d.h. Kohlenwasserstoffe werden verbrannt und in die&hellip;<\/p>\n","protected":false},"author":3,"featured_media":0,"parent":0,"menu_order":0,"comment_status":"closed","ping_status":"closed","template":"","meta":{"footnotes":""},"class_list":["post-5709","page","type-page","status-publish","hentry","description-off"],"_links":{"self":[{"href":"https:\/\/h2-enterprises.com\/de\/wp-json\/wp\/v2\/pages\/5709","targetHints":{"allow":["GET"]}}],"collection":[{"href":"https:\/\/h2-enterprises.com\/de\/wp-json\/wp\/v2\/pages"}],"about":[{"href":"https:\/\/h2-enterprises.com\/de\/wp-json\/wp\/v2\/types\/page"}],"author":[{"embeddable":true,"href":"https:\/\/h2-enterprises.com\/de\/wp-json\/wp\/v2\/users\/3"}],"replies":[{"embeddable":true,"href":"https:\/\/h2-enterprises.com\/de\/wp-json\/wp\/v2\/comments?post=5709"}],"version-history":[{"count":28,"href":"https:\/\/h2-enterprises.com\/de\/wp-json\/wp\/v2\/pages\/5709\/revisions"}],"predecessor-version":[{"id":8117,"href":"https:\/\/h2-enterprises.com\/de\/wp-json\/wp\/v2\/pages\/5709\/revisions\/8117"}],"wp:attachment":[{"href":"https:\/\/h2-enterprises.com\/de\/wp-json\/wp\/v2\/media?parent=5709"}],"curies":[{"name":"wp","href":"https:\/\/api.w.org\/{rel}","templated":true}]}}